{"id":3689,"date":"2021-10-28T19:29:05","date_gmt":"2021-10-28T19:29:05","guid":{"rendered":"https:\/\/select-benefits-enrollment.com\/quoi-de-neuf\/"},"modified":"2024-11-15T18:04:18","modified_gmt":"2024-11-15T18:04:18","slug":"nouveautes","status":"publish","type":"page","link":"https:\/\/select-benefits-enrollment.com\/fr\/nouveautes\/","title":{"rendered":"Nouveaut\u00e9s"},"content":{"rendered":"<p>[vc_row css=\u00a0\u00bb.vc_custom_1635351514671{padding-bottom: 20px !important;}\u00a0\u00bb el_class=\u00a0\u00bbwhats-new-section1&Prime;][vc_column width=\u00a0\u00bb1\/2&Prime; el_class=\u00a0\u00bbwhats-new-section1-text\u00a0\u00bb][vc_column_text]<\/p>\n<h2><strong>Renouvellement annuel du 19 novembre au 3 d\u00e9cembre 2024<\/strong><\/h2>\n<p>Le r\u00e9gime d\u2019avantages sociaux de CAE est con\u00e7u selon les meilleures pratiques en la mati\u00e8re. CAE a men\u00e9 son analyse annuelle du r\u00e9gime pour s\u2019assurer qu\u2019il demeure concurrentiel tant dans les protections offertes que dans le partage des co\u00fbts.<\/p>\n<p>Pendant que vous vous pr\u00e9parez \u00e0 choisir vos couvertures d\u2019assurance, r\u00e9fl\u00e9chissez \u00e0 ce qui vous convient, ainsi qu\u2019\u00e0 votre famille. \u00c9valuez vos besoins. Tenez compte de ce que vous d\u00e9pensez chaque ann\u00e9e en lunettes, traitements de chiropractie et autres frais m\u00e9dicaux et dentaires. Voyez ce que vous aviez choisi l\u2019an dernier et combien vous avez d\u00e9bours\u00e9. Devez-vous augmenter ou diminuer votre couverture ?<\/p>\n<p>N&rsquo;oubliez pas qu&rsquo;il s&rsquo;agit de l&rsquo;occasion annuelle de revoir vos choix d\u2019avantages sociaux, d&rsquo;apporter les modifications n\u00e9cessaires et de mettre \u00e0 jour vos personnes \u00e0 charge et vos b\u00e9n\u00e9ficiaires.[\/vc_column_text][\/vc_column][vc_column width=\u00a0\u00bb1\/2&Prime;][vc_single_image image=\u00a0\u00bb4320&Prime; alignment=\u00a0\u00bbcenter\u00a0\u00bb css=\u00a0\u00bb.vc_custom_1637354440085{border-right-width: 30px !important;padding-top: 20px !important;padding-left: 30px !important;}\u00a0\u00bb][\/vc_column][\/vc_row][vc_row css=\u00a0\u00bb.vc_custom_1635455063048{padding-top: 65px !important;padding-bottom: 40px !important;}\u00a0\u00bb el_class=\u00a0\u00bbwhats-new-section4&Prime;][vc_column width=\u00a0\u00bb1\/2&Prime;][vc_single_image image=\u00a0\u00bb4343&Prime; alignment=\u00a0\u00bbcenter\u00a0\u00bb css=\u00a0\u00bb.vc_custom_1637354514802{padding-top: 30px !important;padding-right: 30px !important;padding-left: 30px !important;}\u00a0\u00bb][\/vc_column][vc_column width=\u00a0\u00bb1\/2&Prime; el_class=\u00a0\u00bbwhats-new-section4-text\u00a0\u00bb][vc_column_text]<\/p>\n<div class=\"CAE-home-sec4\">\n<h2>Dollars CAEselect<\/h2>\n<p class=\"special-text\"><strong>Nouveaut\u00e9 cette ann\u00e9e : vous pouvez maintenant allouer vos dollars CAEselect inutilis\u00e9s au CELI collectif de CAE!<\/strong><\/p>\n<p>Votre <strong>r\u00e9gime d\u2019assurance collective CAEselect<\/strong> vous offre la flexibilit\u00e9 et plusieurs choix vous permettant de vous procurer, ainsi qu\u2019\u00e0 votre famille, la couverture d\u2019assurance dont vous avez besoin. Chaque ann\u00e9e, vous recevez une allocation de <strong>dollars CAEselect<\/strong> compos\u00e9e d\u2019un montant fixe et d\u2019un pourcentage de votre salaire de base. Chacune des couvertures d\u2019assurance a un prix; votre allocation sert \u00e0 payer vos couvertures obligatoires, ainsi que la totalit\u00e9 ou une partie des couvertures optionnelles que vous choisirez.<\/p>\n<p>Vos co\u00fbts individuels d\u00e9pendent des options que vous choisissez et du nombre de personnes que vous couvrez. Vous pouvez mod\u00e9liser les co\u00fbts et les modifications apport\u00e9es \u00e0 vos s\u00e9lections d\u2019avantages sociaux dans l\u2019outil CAEselect. Le courriel que vous avez re\u00e7u explique le calcul de votre allocation de <strong>dollars CAEselect<\/strong> pour 2025.<\/p>\n<p>Les <strong>dollars CAEselect<\/strong> non d\u00e9pens\u00e9s peuvent \u00eatre allou\u00e9s dans votre compte soins de sant\u00e9 (CSS), votre compte de d\u00e9penses personnelles (CDP), le REER collectif ou le CELI collectif. Obtenez les listes compl\u00e8tes des frais admissibles dans le <strong><a style=\"text-decoration: underline; color: #000000;\" href=\"https:\/\/select-benefits-enrollment.com\/fr\/faq\/#1635348303284-a0666676-f607\">CSS<\/a><\/strong> et le <strong><a style=\"text-decoration: underline; color: #000000;\" href=\"https:\/\/select-benefits-enrollment.com\/fr\/faq\/#1668460093908-d0c952e7-1016\">CDP<\/a><\/strong> dans l&rsquo;onglet FAQ.<\/p>\n<div class=\"CAE-important-notice\">\n<p><strong>Important!<\/strong> N\u2019oubliez pas d\u2019allouer vos <strong>dollars CAEselect<\/strong> inutilis\u00e9s au compte de votre choix <strong>et ce \u00e0 chaque ann\u00e9e<\/strong>. Si vous ne faites pas de choix formel, ils seront automatiquement allou\u00e9s \u00e0 votre compte soins de sant\u00e9, <strong>m\u00eame si vous aviez choisi de les allouer dans un autre compte au renouvellement pr\u00e9c\u00e9dent ou lors de votre adh\u00e9sion initiale.<\/strong><\/p>\n<\/div>\n<\/div>\n<p>[\/vc_column_text][\/vc_column][\/vc_row][vc_row equal_height=\u00a0\u00bbyes\u00a0\u00bb content_placement=\u00a0\u00bbmiddle\u00a0\u00bb color_scheme=\u00a0\u00bbwhite\u00a0\u00bb el_class=\u00a0\u00bbwhats-new-section2&Prime; css=\u00a0\u00bb.vc_custom_1730131186486{padding-top: 60px !important;padding-bottom: 40px !important;background-color: #005eb8 !important;}\u00a0\u00bb][vc_column width=\u00a0\u00bb1\/2&Prime; col_padding=\u00a0\u00bb3&Prime; col_padding_side=\u00a0\u00bbright\u00a0\u00bb css=\u00a0\u00bb.vc_custom_1635351748871{padding-bottom: 40px !important;}\u00a0\u00bb][vc_single_image image=\u00a0\u00bb5375&Prime; alignment=\u00a0\u00bbcenter\u00a0\u00bb css=\u00a0\u00bb.vc_custom_1731347392214{margin-bottom: 0px !important;}\u00a0\u00bb][\/vc_column][vc_column width=\u00a0\u00bb1\/2&Prime; col_padding=\u00a0\u00bb3&Prime; col_padding_side=\u00a0\u00bbleft\u00a0\u00bb el_class=\u00a0\u00bbwhats-new-section2-text\u00a0\u00bb css=\u00a0\u00bb.vc_custom_1635454755850{padding-right: 10px !important;}\u00a0\u00bb][vc_column_text font_size=\u00a0\u00bblarge\u00a0\u00bb]<\/p>\n<h2 style=\"color: #fff !important;\">Pharmacie Lumino Sant\u00e9<\/h2>\n<p>Obtenez votre soutien pharmaceutique gr\u00e2ce \u00e0 la pharmacie Lumino Sant\u00e9, un service facultatif offert aux participants du r\u00e9gime de la Sun Life. Le service permet de commander des m\u00e9dicaments en ligne, de clavarder avec des pharmaciens fiables et comp\u00e9tents et de se faire livrer les m\u00e9dicaments admissibles \u00e0 domicile.<\/p>\n<p>Employ\u00e9s \u00e0 l&rsquo;ext\u00e9rieur du Qu\u00e9bec :<\/p>\n<div class=\"vntd-icon-list icon-list-simple icon-list-basic icon-list-color-accent CAE-circle-bullets\" style=\"margin-bottom: 20px;\">\n<ul class=\"icon-list\">\n<li><i class=\"fas fa-circle\" style=\"color: #fff;\"><\/i>La Pharmacie Lumino Sant\u00e9 est fournie par Pillway, une pharmacie canadienne enregistr\u00e9e, r\u00e9gie par l\u2019Ordre des pharmaciens de l\u2019Ontario et le College of Pharmacists of BC.<\/li>\n<li><i class=\"fas fa-circle\" style=\"color: #fff;\"><\/i>Pour plus d&rsquo;informations sur ce service, visitez le <a style=\"color: #fff !important; text-decoration: underline;\" href=\"https:\/\/luminosante.sunlife.ca\/s\/lumino-health-pharmacy?language=fr\" target=\"_blank\" rel=\"noopener\">site de la Pharmacie Lumino Sant\u00e9<\/a>.<\/li>\n<\/ul>\n<\/div>\n<p>Employ\u00e9s au Qu\u00e9bec :<\/p>\n<div class=\"vntd-icon-list icon-list-simple icon-list-basic icon-list-color-accent CAE-circle-bullets\" style=\"margin-bottom: 20px;\">\n<ul class=\"icon-list\">\n<li><i class=\"fas fa-circle\" style=\"color: #fff;\"><\/i>Les services pharmaceutiques offerts au Qu\u00e9bec dans le cadre de la Plateforme Sant\u00e9 Lumino sont fournis exclusivement par les pharmaciens de la Pharmacie Abd-El-Monem Osman, Inc. appartenant \u00e0 Abd-El-Monem Osman. La Pharmacie Abd-El-Monem Osman, Inc. est une pharmacie qu\u00e9b\u00e9coise enregistr\u00e9e, r\u00e9gie par l&rsquo;Ordre des pharmaciens du Qu\u00e9bec.<\/li>\n<li><i class=\"fas fa-circle\" style=\"color: #fff;\"><\/i>Pour plus d&rsquo;informations sur ce service, visitez le <a style=\"color: #fff !important; text-decoration: underline;\" href=\"https:\/\/luminosante.sunlife.ca\/s\/pharmacy-qc?language=fr\" target=\"_blank\" rel=\"noopener\">site de la pharmacie de sant\u00e9 Lumino du Qu\u00e9bec<\/a>.<\/li>\n<\/ul>\n<\/div>\n<p>[\/vc_column_text][\/vc_column][\/vc_row][vc_row css=\u00a0\u00bb.vc_custom_1635953122592{padding-top: 65px !important;padding-bottom: 40px !important;background-color: #f8f8f8 !important;}\u00a0\u00bb el_class=\u00a0\u00bbwhats-new-section3&Prime;][vc_column width=\u00a0\u00bb1\/2&Prime; el_class=\u00a0\u00bbwhats-new-section3-text\u00a0\u00bb][vc_column_text]<\/p>\n<div class=\"CAE-virtual-care\">\n<h2><strong>Programme d&rsquo;aide aux employ\u00e9s (PAE)<\/strong><\/h2>\n<p>CAE collabore avec Resources for Living (RFL) pour vous offrir un programme d\u2019aide aux employ\u00e9s (PAE) confidentiel et sans frais. Le programme offre des services dans plusieurs domaines, tels que la sant\u00e9 mentale, les relations interpersonnelles, les finances, les soins aux personnes \u00e2g\u00e9es, les questions juridiques, etc.<\/p>\n<div class=\"vntd-icon-list icon-list-simple icon-list-basic icon-list-color-accent CAE-circle-bullets\" style=\"margin-bottom: 20px;\">\n<ul class=\"icon-list\">\n<li><i class=\"fas fa-circle\"><\/i><strong>Veuillez noter le nouveau lien pour acc\u00e9der \u00e0 la plateforme du PAE : <a href=\"https:\/\/resourcesforliving.com\/CAEGlobal\" target=\"_blank\" rel=\"noopener\">resourcesforliving.com\/CAEGlobal<\/a><\/strong><\/li>\n<li><i class=\"fas fa-circle\"><\/i>Le PAE est offert aux employ\u00e9s ainsi qu\u2019\u00e0 tous les gens r\u00e9sidant au m\u00eame domicile.<\/li>\n<li><i class=\"fas fa-circle\"><\/i>Annuellement, les employ\u00e9s de CAE et les gens r\u00e9sidant au m\u00eame domicile, ont acc\u00e8s \u00e0 cinq s\u00e9ances de conseil par sujet\/enjeu, sans frais pour l&#8217;employ\u00e9.<\/li>\n<li><i class=\"fas fa-circle\"><\/i>RFL est disponible 24 heures sur 24, sept jours sur sept, 365 jours par ann\u00e9e. \u00c0 toute heure du jour ou de la nuit, les fins de semaine tout comme les jours f\u00e9ri\u00e9s, les employ\u00e9s peuvent parler \u00e0 l&rsquo;un de leurs professionnels.<\/li>\n<li><i class=\"fas fa-circle\"><\/i>Le programme est confidentiel. Bien que CAE re\u00e7oive des statistiques d\u2019utilisation sur le nombre de personnes utilisant le service et les probl\u00e8mes soulev\u00e9s, aucun renseignement personnel ou d\u2019identification ne sera divulgu\u00e9.<\/li>\n<\/ul>\n<\/div>\n<\/div>\n<p>[\/vc_column_text]<div class=\"vntd-icon-list icon-list-simple icon-list-basic icon-list-color-gray\"><ul class=\"icon-list\"><li><i class=\"fas fa-info-circle color-gray\"><\/i><\/li><\/ul><\/div>[\/vc_column][vc_column width=\u00a0\u00bb1\/2&Prime;][vc_single_image image=\u00a0\u00bb5383&Prime; img_size=\u00a0\u00bblarge\u00a0\u00bb alignment=\u00a0\u00bbcenter\u00a0\u00bb][\/vc_column][\/vc_row][vc_row css=\u00a0\u00bb.vc_custom_1635953122592{padding-top: 65px !important;padding-bottom: 40px !important;background-color: #f8f8f8 !important;}\u00a0\u00bb el_class=\u00a0\u00bbwhats-new-section3&Prime;][vc_column width=\u00a0\u00bb1\/2&Prime; el_class=\u00a0\u00bbwhats-new-section3-text\u00a0\u00bb][vc_single_image image=\u00a0\u00bb5379&Prime; img_size=\u00a0\u00bblarge\u00a0\u00bb alignment=\u00a0\u00bbcenter\u00a0\u00bb]<div class=\"vntd-icon-list icon-list-simple icon-list-basic icon-list-color-gray\"><ul class=\"icon-list\"><li><i class=\"fas fa-info-circle color-gray\"><\/i><\/li><\/ul><\/div>[\/vc_column][vc_column width=\u00a0\u00bb1\/2&Prime;][vc_column_text]<\/p>\n<div class=\"CAE-virtual-care\">\n<h2><strong>Utilisez-vous nos services de t\u00e9l\u00e9m\u00e9decine?<\/strong><\/h2>\n<p>Le service soins virtuels TELUS Sant\u00e9 vous donne acc\u00e8s sur demande \u00e0 des soins virtuels, 24 heures sur 24, 7 jours sur 7, pour vous et votre famille* partout au Canada, et ce, gratuitement!<\/p>\n<p>Entrez imm\u00e9diatement en contact avec un professionnel de la sant\u00e9, \u00e0 partir de votre t\u00e9l\u00e9phone intelligent, de votre ordinateur ou de votre tablette.<\/p>\n<p><a href=\"https:\/\/select-benefits-enrollment.com\/fr\/soins-virtuels-telus-sante\/\" target=\"_blank\" rel=\"noopener\">Cliquez ici<\/a> pour plus d\u2019information.<\/p>\n<p>*Conjoint(e) et enfants de moins de 26 ans dont l\u2019adresse permanente est la m\u00eame que la v\u00f4tre.<\/p>\n<\/div>\n<p>[\/vc_column_text][\/vc_column][\/vc_row]<\/p>\n","protected":false},"excerpt":{"rendered":"<p>[vc_row css=\u00a0\u00bb.vc_custom_1635351514671{padding-bottom: 20px !important;}\u00a0\u00bb el_class=\u00a0\u00bbwhats-new-section1&Prime;][vc_column width=\u00a0\u00bb1\/2&Prime; el_class=\u00a0\u00bbwhats-new-section1-text\u00a0\u00bb][vc_column_text] Renouvellement annuel du 19 novembre au 3 d\u00e9cembre 2024 Le r\u00e9gime d\u2019avantages sociaux de CAE est con\u00e7u selon les meilleures pratiques en la mati\u00e8re. CAE a men\u00e9 son analyse annuelle du r\u00e9gime pour s\u2019assurer qu\u2019il demeure concurrentiel tant dans les protections offertes que [&hellip;]<\/p>\n","protected":false},"author":1,"featured_media":0,"parent":0,"menu_order":0,"comment_status":"closed","ping_status":"closed","template":"","meta":{"om_disable_all_campaigns":false,"_monsterinsights_skip_tracking":false,"_monsterinsights_sitenote_active":false,"_monsterinsights_sitenote_note":"","_monsterinsights_sitenote_category":0,"footnotes":""},"class_list":["post-3689","page","type-page","status-publish","hentry"],"aioseo_notices":[],"jetpack_sharing_enabled":true,"_links":{"self":[{"href":"https:\/\/select-benefits-enrollment.com\/fr\/wp-json\/wp\/v2\/pages\/3689","targetHints":{"allow":["GET"]}}],"collection":[{"href":"https:\/\/select-benefits-enrollment.com\/fr\/wp-json\/wp\/v2\/pages"}],"about":[{"href":"https:\/\/select-benefits-enrollment.com\/fr\/wp-json\/wp\/v2\/types\/page"}],"author":[{"embeddable":true,"href":"https:\/\/select-benefits-enrollment.com\/fr\/wp-json\/wp\/v2\/users\/1"}],"replies":[{"embeddable":true,"href":"https:\/\/select-benefits-enrollment.com\/fr\/wp-json\/wp\/v2\/comments?post=3689"}],"version-history":[{"count":10,"href":"https:\/\/select-benefits-enrollment.com\/fr\/wp-json\/wp\/v2\/pages\/3689\/revisions"}],"predecessor-version":[{"id":5398,"href":"https:\/\/select-benefits-enrollment.com\/fr\/wp-json\/wp\/v2\/pages\/3689\/revisions\/5398"}],"wp:attachment":[{"href":"https:\/\/select-benefits-enrollment.com\/fr\/wp-json\/wp\/v2\/media?parent=3689"}],"curies":[{"name":"wp","href":"https:\/\/api.w.org\/{rel}","templated":true}]}}