{"id":3688,"date":"2021-10-28T19:29:05","date_gmt":"2021-10-28T19:29:05","guid":{"rendered":"https:\/\/select-benefits-enrollment.com\/liens-rapides\/assistance-voyage\/"},"modified":"2025-04-22T14:58:50","modified_gmt":"2025-04-22T14:58:50","slug":"assistance-voyage","status":"publish","type":"page","link":"https:\/\/select-benefits-enrollment.com\/fr\/assistance-voyage\/","title":{"rendered":"Assistance voyage"},"content":{"rendered":"<p>[vc_row el_id=\u00a0\u00bbCAE-assistance-voyage\u00a0\u00bb][vc_column width=\u00a0\u00bb1\/2&Prime;][vc_column_text]<\/p>\n<div class=\"CAE-travel-assistance-sec1-text\">\n<p>Tous les employ\u00e9s de CAE qui voyagent pour le compte de l\u2019entreprise ont droit \u00e0 une assurance voyage.<\/p>\n<p>Si vous avez une urgence m\u00e9dicale pendant un voyage, communiquez avec le bon fournisseur pour \u00e9viter des d\u00e9lais et nous aider \u00e0 contr\u00f4ler les co\u00fbts du r\u00e9gime.<\/p>\n<table>\n<tbody>\n<tr>\n<td class=\"CAE-table-d-blue\"><strong>Situation d\u2019urgence pendant un voyage d\u2019affaires<\/strong><\/td>\n<td class=\"CAE-table-d-blue\"><strong>Vous \u00eates couvert par le r\u00e9gime d\u2019assurance soins m\u00e9dicaux CAEselect<\/strong><\/td>\n<td class=\"CAE-table-d-blue\"><strong>Vous n&rsquo;\u00eates pas couvert ou vous avez renonc\u00e9 au r\u00e9gime d\u2019assurance soins m\u00e9dicaux CAEselect<\/strong><\/td>\n<\/tr>\n<tr>\n<td class=\"CAE-table-l-blue\"><strong>Urgence m\u00e9dicale<\/strong><\/td>\n<td><strong><a style=\"color: #000; text-decoration: underline;\" href=\"https:\/\/select-benefits-enrollment.com\/wp-content\/uploads\/2023\/11\/gb00200-garantie-d-assistance-voyage-et-medi-passeport-form_avec-numero.pdf\" target=\"_blank\" rel=\"noopener\">Assistance-voyage et m\u00e9di-passeport de la Sun Life<\/a><\/strong><\/p>\n<p><strong><a style=\"color: #000; text-decoration: underline;\" href=\"https:\/\/www.sunlife.ca\/fr\/\" target=\"_blank\" rel=\"noopener\">masunlife.ca<\/a><\/strong><\/p>\n<p>Vous pouvez \u00e9galement consulter ou t\u00e9l\u00e9charger votre carte-couverture sur l\u2019application <a style=\"color: #000; text-decoration: underline;\" href=\"https:\/\/select-benefits-enrollment.com\/wp-content\/uploads\/2023\/11\/my_Sun_Life_Mobile_App_Fun_Features_GB00242_F.pdf\" target=\"_blank\" rel=\"noopener\" aria-label=\"This link opens pdf document\"><strong>mobile ma Sun Life<\/strong><\/a>.<\/td>\n<td><strong><a style=\"color: #000; text-decoration: underline;\" href=\"https:\/\/select-benefits-enrollment.com\/wp-content\/uploads\/2023\/11\/Travel-Assistance-Brochure-by-AIG-avec-carte.pdf\" target=\"_blank\" rel=\"noopener\">Assistance voyage par AIG<\/a><\/strong><\/td>\n<\/tr>\n<tr>\n<td class=\"CAE-table-l-blue\"><strong>Urgence non m\u00e9dicale<br \/>\n(perte ou remplacement d\u2019un passeport ou d\u2019un visa, probl\u00e8me de s\u00e9curit\u00e9, catastrophe naturelle, etc.)<\/strong><\/td>\n<td colspan=\"2\">GardaWorld (pour voyages d\u2019affaires)<br \/>\n<a href=\"https:\/\/travelsecurity.garda.com\/welcome\" target=\"_blank\" rel=\"noopener\"><strong><u>travelsecurity.garda.com<\/u><\/strong><\/a><br \/>\nLigne d\u2019assistance des experts en s\u00e9curit\u00e9 li\u00e9e aux voyages GardaWorld 24 h\/7 j :<br \/>\n1-469-241-6875<\/td>\n<\/tr>\n<\/tbody>\n<\/table>\n<h3>Vous voyagez pour des raisons personnelles?<\/h3>\n<p>Si vous, et vos personnes \u00e0 charge, \u00eates couverts au titre du <strong>r\u00e9gime d\u2019assurance soins m\u00e9dicaux CAEselect<\/strong>, vous \u00eates prot\u00e9g\u00e9s par l\u2019assistance voyage et le m\u00e9di-passeport de la Sun Life. Notez que cette couverture ne comprend pas l\u2019annulation de voyages ni l\u2019assurance de bagages.<\/p>\n<p>Si vous avez renonc\u00e9 au <strong>r\u00e9gime d\u2019assurance soins m\u00e9dicaux CAEselect<\/strong>, vous n\u2019avez pas droit \u00e0 l\u2019assistance en cas d\u2019urgence m\u00e9dicale quand vous voyagez pour des raisons personnelles.<\/p>\n<p>Notez que <strong>vous n\u2019avez jamais droit<\/strong> \u00e0 la couverture de GardaWorld quand vous voyagez pour des raisons personnelles.<\/p>\n<\/div>\n<p>[\/vc_column_text][\/vc_column][vc_column width=\u00a0\u00bb1\/2&Prime;][vc_single_image image=\u00a0\u00bb4371&Prime; css=\u00a0\u00bb.vc_custom_1637354910517{padding-right: 30px !important;padding-left: 30px !important;}\u00a0\u00bb][\/vc_column][\/vc_row]<\/p>\n","protected":false},"excerpt":{"rendered":"<p>[vc_row el_id=\u00a0\u00bbCAE-assistance-voyage\u00a0\u00bb][vc_column width=\u00a0\u00bb1\/2&Prime;][vc_column_text] Tous les employ\u00e9s de CAE qui voyagent pour le compte de l\u2019entreprise ont droit \u00e0 une assurance voyage. Si vous avez une urgence m\u00e9dicale pendant un voyage, communiquez avec le bon fournisseur pour \u00e9viter des d\u00e9lais et nous aider \u00e0 contr\u00f4ler les co\u00fbts du r\u00e9gime. Situation d\u2019urgence [&hellip;]<\/p>\n","protected":false},"author":1,"featured_media":0,"parent":0,"menu_order":0,"comment_status":"closed","ping_status":"closed","template":"","meta":{"om_disable_all_campaigns":false,"_monsterinsights_skip_tracking":false,"_monsterinsights_sitenote_active":false,"_monsterinsights_sitenote_note":"","_monsterinsights_sitenote_category":0,"footnotes":""},"class_list":["post-3688","page","type-page","status-publish","hentry"],"aioseo_notices":[],"jetpack_sharing_enabled":true,"_links":{"self":[{"href":"https:\/\/select-benefits-enrollment.com\/fr\/wp-json\/wp\/v2\/pages\/3688","targetHints":{"allow":["GET"]}}],"collection":[{"href":"https:\/\/select-benefits-enrollment.com\/fr\/wp-json\/wp\/v2\/pages"}],"about":[{"href":"https:\/\/select-benefits-enrollment.com\/fr\/wp-json\/wp\/v2\/types\/page"}],"author":[{"embeddable":true,"href":"https:\/\/select-benefits-enrollment.com\/fr\/wp-json\/wp\/v2\/users\/1"}],"replies":[{"embeddable":true,"href":"https:\/\/select-benefits-enrollment.com\/fr\/wp-json\/wp\/v2\/comments?post=3688"}],"version-history":[{"count":10,"href":"https:\/\/select-benefits-enrollment.com\/fr\/wp-json\/wp\/v2\/pages\/3688\/revisions"}],"predecessor-version":[{"id":5447,"href":"https:\/\/select-benefits-enrollment.com\/fr\/wp-json\/wp\/v2\/pages\/3688\/revisions\/5447"}],"wp:attachment":[{"href":"https:\/\/select-benefits-enrollment.com\/fr\/wp-json\/wp\/v2\/media?parent=3688"}],"curies":[{"name":"wp","href":"https:\/\/api.w.org\/{rel}","templated":true}]}}