{"id":3630,"date":"2021-10-28T19:28:59","date_gmt":"2021-10-28T19:28:59","guid":{"rendered":"https:\/\/select-benefits-enrollment.com\/liste-de-controle-ea\/"},"modified":"2025-04-28T15:02:43","modified_gmt":"2025-04-28T15:02:43","slug":"aide-memoire-pour-le-renouvellement-annuel","status":"publish","type":"page","link":"https:\/\/select-benefits-enrollment.com\/fr\/aide-memoire-pour-le-renouvellement-annuel\/","title":{"rendered":"Aide-m\u00e9moire pour le renouvellement annuel"},"content":{"rendered":"<p>[vc_row el_class=\u00a0\u00bbCAE-AE-checklist-text\u00a0\u00bb][vc_column width=\u00a0\u00bb3\/5&Prime;][vc_column_text]<\/p>\n<div class=\"CAE-AE-checklist-sec1\">\n<h2>Renouvellement annuel du 19 novembre au<br \/>\n3 d\u00e9cembre 2024<\/h2>\n<p>Voici comment proc\u00e9der :<\/p>\n<div class=\"vntd-icon-list icon-list-simple icon-list-basic icon-list-color-accent\">\n<ul class=\"icon-list\">\n<li><i class=\"far fa-check-square color-accent\"><\/i>Ouvrez une session sur <a href=\"https:\/\/cae.seb-admin.com\" target=\"_blank\" rel=\"noopener\"><strong>CAE MesAvantages,<\/strong> <\/a> cliquez sur <strong>R\u00e9gime d\u2019assurance collective<\/strong> pour acc\u00e9der \u00e0 <strong>l\u2019outil CAEselect<\/strong>, puis commencez votre renouvellement annuel.<\/li>\n<li><i class=\"far fa-check-square color-accent\"><\/i>Avant tout, consultez le <a href=\"https:\/\/select-benefits-enrollment.com\/wp-content\/uploads\/2024\/11\/CAE_Guide_Decision_FR_2024.pdf\" target=\"_blank\" rel=\"noopener\"> <strong>Guide des avantages sociaux CAEselect<\/strong> <\/a> et le <a href=\"https:\/\/select-benefits-enrollment.com\/wp-content\/uploads\/2024\/11\/CAE_Sommaire-du-regime_FR_2024-1.pdf\" target=\"_blank\" rel=\"noopener\"> <strong>Sommaire du r\u00e9gime CAEselect<\/strong> <\/a> pour en savoir plus sur les options de couverture offertes et les conseils \u00e0 suivre quand vous choisirez vos protections. Vous verrez aussi les diff\u00e9rentes options lors de l\u2019adh\u00e9sion au moyen de <strong>l\u2019outil CAEselect<\/strong>.<\/li>\n<li><i class=\"far fa-check-square color-accent\"><\/i>V\u00e9rifiez vos renseignements personnels.<\/li>\n<li class=\"CAE-tooltip-list-FR\"><i class=\"far fa-check-square color-accent\"><\/i>V\u00e9rifiez et, au besoin, mettez \u00e0 jour les donn\u00e9es sur vos personnes \u00e0 charge. Veillez \u00e0 ne couvrir que des\n<div id=\"hover-text1-FR\" class=\"cae-hover-text-list\" aria-describedby=\"#hidden-list1-FR\">\n<p class=\"tooltip-text\"><strong>personnes \u00e0 charge admissibles <\/strong><\/p>\n<ul id=\"hidden-list1-FR\" class=\"CAE-hidden-list\" role=\"tooltip\">\n<li><i class=\"fas fa-caret-right color-accent\"><\/i>Vous pourriez devoir fournir des pi\u00e8ces justificatives pour confirmer que vos personnes \u00e0 charge satisfont aux crit\u00e8res d\u2019admissibilit\u00e9 du r\u00e9gime. Rassemblez donc les documents n\u00e9cessaires.<\/li>\n<\/ul>\n<\/div>\n<p>au r\u00e9gime.<\/li>\n<li><i class=\"far fa-check-square color-accent\"><\/i>Renouvelez votre <strong>certificat de mieux-\u00eatre<\/strong> pour recevoir jusqu\u2019\u00e0 50 <strong>dollars CAEselect<\/strong> de plus li\u00e9s au mieux-\u00eatre.<\/li>\n<li><i class=\"far fa-check-square color-accent\"><\/i>Passez vos choix en revue. Vous seul savez ce qui vous convient le mieux, ainsi qu\u2019\u00e0 votre famille. Assurez-vous que vos couvertures d\u2019assurance r\u00e9pondront \u00e0 vos besoins pour la prochaine ann\u00e9e.<\/li>\n<li><i class=\"far fa-check-square color-accent\"><\/i>Allouez vos <strong>dollars CAEselect <\/strong>inutilis\u00e9s, le cas \u00e9ch\u00e9ant, \u00e0 votre compte soins de sant\u00e9 (CSS), \u00e0 votre compte de d\u00e9penses personnelles <span class=\"TextRun Highlight SCXW73464336 BCX0\" lang=\"FR-CA\" xml:lang=\"FR-CA\" data-contrast=\"none\"><span class=\"NormalTextRun SCXW73464336 BCX0\">(CD<\/span><\/span><span class=\"TextRun Highlight SCXW73464336 BCX0\" lang=\"FR-CA\" xml:lang=\"FR-CA\" data-contrast=\"none\"><span class=\"NormalTextRun SCXW73464336 BCX0\">P), <\/span><\/span><span class=\"TextRun Highlight SCXW73464336 BCX0\" lang=\"FR-CA\" xml:lang=\"FR-CA\" data-contrast=\"none\"><span class=\"NormalTextRun SCXW73464336 BCX0\">\u00e0 votre REER collectif <\/span><span class=\"NormalTextRun SCXW73464336 BCX0\">de <\/span><span class=\"NormalTextRun SCXW73464336 BCX0\">CAE <\/span><\/span><span class=\"TextRun Highlight SCXW73464336 BCX0\" lang=\"FR-CA\" xml:lang=\"FR-CA\" data-contrast=\"none\"><span class=\"NormalTextRun SCXW73464336 BCX0\">ou \u00e0 votre CELI collectif de CAE<\/span><\/span>.\n<ul>\n<li><i class=\"fas fa-caret-right color-accent\"><\/i>Si vous ne faites pas de choix formel, ils seront automatiquement allou\u00e9s \u00e0 votre CSS, m\u00eame si vous les aviez allou\u00e9s \u00e0 un autre compte lors du dernier renouvellement ou lors de votre adh\u00e9sion initiale.<\/li>\n<li class=\"CAE-tooltip-list2-FR\"><i class=\"fas fa-caret-right color-accent\"><\/i>Remarque : pour pouvoir cotiser au\n<div id=\"hover-text2-FR\" class=\"cae-hover-text-list\" aria-describedby=\"#hidden-list2-FR\">\n<p class=\"tooltip-text\"><strong>REER collectif de CAE<\/strong> et\/ou au <strong>CELI collectif de CAE, <\/strong><\/p>\n<ul id=\"hidden-list2-FR\" class=\"CAE-hidden-list\" role=\"tooltip\">\n<li><i class=\"fas fa-caret-right color-accent\"><\/i>Pour ouvrir votre compte, allez sur le <a href=\"https:\/\/www.desjardinsassurancevie.com\/fr\/epargne-retraite-collective-participants?Province=QC&amp;_ga=2.112715716.1982977455.1636245343-1089216804.1636245343\" target=\"_blank\" rel=\"noopener\">site Web de Desjardins Assurances<\/a> (pour l\u2019adh\u00e9sion au REER et\/ou CELI collectifs de CAE) et cliquez sur le bouton vert <strong>Commencer<\/strong> puis sur <span style=\"font-weight: normal !msorm;\"><strong>S\u2019inscrire<\/strong><\/span>.<\/li>\n<li><i class=\"fas fa-caret-right color-accent\"><\/i>Il vous faudra votre num\u00e9ro de groupe et votre num\u00e9ro d\u2019employ\u00e9 de Desjardins (votre num\u00e9ro d\u2019employ\u00e9 CAE + les trois derniers chiffres de votre num\u00e9ro d\u2019assurance sociale). Pour conna\u00eetre votre num\u00e9ro de groupe, consultez la section sup\u00e9rieure du <a style=\"color: #ffffff; text-decoration: underline;\" href=\"https:\/\/benefits.seb-admin.com\/fpconnect\/#\/cae\" target=\"_blank\" rel=\"noopener\"><strong>site Web des avantages sociaux de CAE<\/strong><\/a> pour plus d\u2019information.<\/li>\n<\/ul>\n<\/div>\n<p>vous devez ouvrir un compte aupr\u00e8s de Desjardins Assurances d\u2019ici le 5 d\u00e9cembre 2023, si vous n\u2019en d\u00e9tenez pas d\u00e9j\u00e0 un.<\/li>\n<li><i class=\"fas fa-caret-right color-accent\"><\/i>Si votre compte n\u2019est pas ouvert d\u2019ici le 3 d\u00e9cembre 2024, les <strong>dollars CAEselect allou\u00e9s<\/strong> au <strong>REER collectif de CAE <\/strong>et\/ou au<strong> CELI collectif de CAE<\/strong>, le cas \u00e9ch\u00e9ant, seront d\u00e9pos\u00e9s dans votre CSS.<\/li>\n<\/ul>\n<\/li>\n<li><i class=\"far fa-check-square color-accent\"><\/i>V\u00e9rifiez vos d\u00e9signations de b\u00e9n\u00e9ficiaires en ligne et modifiez-les au besoin. Quand vous proc\u00e9dez \u00e0 une d\u00e9signation de b\u00e9n\u00e9ficiaire(s), elle entre en vigueur imm\u00e9diatement, car vous n\u2019avez plus \u00e0 soumettre de formulaire papier. Vous connecter au <a href=\"https:\/\/cae.seb-admin.com\/\" target=\"_blank\" rel=\"noopener\"><strong>CAE MesAvantages<\/strong><\/a>\u00a0en utilisant vos donn\u00e9es d\u2019acc\u00e8s uniques constitue votre nouvelle signature \u00e9lectronique.<\/li>\n<li><i class=\"far fa-check-square color-accent\"><\/i>Cliquez sur <strong>Terminer l\u2019inscription<\/strong> pour confirmer vos choix.<\/li>\n<li><i class=\"far fa-check-square color-accent\"><\/i>Imprimez le relev\u00e9 de confirmation ou envoyez-en une copie par courriel \u00e0 conserver dans vos dossiers.<\/li>\n<\/ul>\n<\/div>\n<p><strong>C\u2019est tout! Votre renouvellement est termin\u00e9.<\/strong><\/p>\n<\/div>\n<p>[\/vc_column_text][vc_column_text css=\u00a0\u00bb.vc_custom_1745852557833{padding-top: 0px !important;padding-right: 0px !important;padding-left: 0px !important;}\u00a0\u00bb]<\/p>\n<div class=\"CAE-important-notice vntd-icon-list icon-list-simple icon-list-basic icon-list-color-accent\">\n<p style=\"font-size: 1.12em; font-weight: bold; margin-bottom: 8px;\"><strong>Important pour l\u2019adh\u00e9sion au REER et au CELI collectifs de CAE!<\/strong><\/p>\n<ul>\n<li><i class=\"fas fa-caret-right color-accent\"><\/i>Pour ouvrir votre compte, allez sur le <strong><a style=\"color: #ffffff; text-decoration: underline;\" href=\"https:\/\/www.desjardinsassurancevie.com\/fr\/epargne-retraite-collective-participants?Province=QC&amp;_ga=2.267551566.1725661169.1663170127-1871821460.1663170127\" target=\"_blank\" rel=\"noopener\">site Web de Desjardins Assurances<\/a><\/strong> (pour l\u2019adh\u00e9sion au REER et\/ou CELI collectifs de CAE) et cliquez sur le bouton vert <strong>Commencer<\/strong> puis sur <strong>S\u2019inscrire<\/strong>.<\/li>\n<li><i class=\"fas fa-caret-right color-accent\"><\/i>Il vous faudra votre num\u00e9ro de groupe et votre num\u00e9ro d\u2019employ\u00e9 de Desjardins (votre num\u00e9ro d\u2019employ\u00e9 de CAE + les trois derniers chiffres de votre num\u00e9ro d\u2019assurance sociale). Pour conna\u00eetre votre num\u00e9ro de groupe, consultez la section sup\u00e9rieure de <a style=\"color: #ffffff; text-decoration: underline;\" href=\"https:\/\/benefits.seb-admin.com\/fpconnect\/#\/cae\" target=\"_blank\" rel=\"noopener\"><strong>CAE MesAvantages<\/strong><\/a>\u00a0pour plus d\u2019information.<\/li>\n<\/ul>\n<\/div>\n<p>[\/vc_column_text]<div class=\"vntd-icon-list icon-list-simple icon-list-basic icon-list-color-gray\"><ul class=\"icon-list\"><li><i class=\"fas fa-caret-right color-gray\"><\/i><\/li><\/ul><\/div>[\/vc_column][vc_column width=\u00a0\u00bb2\/5&Prime;][vc_single_image image=\u00a0\u00bb3506&Prime; css=\u00a0\u00bb.vc_custom_1637354715523{padding-top: 20px !important;padding-right: 30px !important;padding-left: 30px !important;}\u00a0\u00bb][vc_column_text css=\u00a0\u00bb.vc_custom_1731698545137{padding-top: 20px !important;padding-right: 30px !important;padding-left: 30px !important;}\u00a0\u00bb]<\/p>\n<div class=\"CAE-important-notice vntd-icon-list icon-list-simple icon-list-basic icon-list-color-accent\">\n<p style=\"font-size: 1.12em; font-weight: bold; margin-bottom: 8px;\"><strong>Le saviez vous?<\/strong><\/p>\n<ul>\n<li><i class=\"fas fa-caret-right color-accent\"><\/i>L\u2019<strong>outil CAEselect<\/strong> en ligne affiche le solde de vos <strong>dollars CAEselect<\/strong> et calcule le co\u00fbt des protections choisies en temps r\u00e9el. Pendant l\u2019adh\u00e9sion, vous pouvez essayer diff\u00e9rents sc\u00e9narios et voir leur effet sur votre solde de <strong>dollars CAEselect<\/strong> et sur vos retenues salariales, le cas \u00e9ch\u00e9ant.<\/li>\n<li><i class=\"fas fa-caret-right color-accent\"><\/i>Vous pouvez renoncer \u00e0 la couverture des soins m\u00e9dicaux si vous \u00eates assur\u00e9 au titre d\u2019un autre r\u00e9gime, comme celui de votre conjoint. Il vous restera ainsi des <strong>dollars CAEselect<\/strong>, que vous pourrez allouer \u00e0 votre compte soins de sant\u00e9 (CSS), \u00e0 votre compte de d\u00e9penses personnel (CDP), au REER collectif de CAE ou au CELI collectif de CAE.<\/li>\n<li><i class=\"fas fa-caret-right color-accent\"><\/i>Vous pouvez, en tout temps, mettre \u00e0 jour votre profil ou modifier vos b\u00e9n\u00e9ficiaires.<\/li>\n<\/ul>\n<\/div>\n<p>[\/vc_column_text][\/vc_column][\/vc_row][vc_row disable_element=\u00a0\u00bbyes\u00a0\u00bb el_class=\u00a0\u00bbCAE-AE-checklist-text\u00a0\u00bb][vc_column][vc_column_text]<\/p>\n<div class=\"CAE-AE-checklist-sec3\">\n<h3>Vous vous d\u00e9savez de la couverture?<\/h3>\n<p>Si vous choisissez de vous retirer de la couverture des soins de sant\u00e9 cette ann\u00e9e, vous devez fournir la preuve que vous avez une couverture ailleurs.<\/p>\n<div class=\"vntd-icon-list icon-list-simple icon-list-basic icon-list-color-accent\">\n<ul class=\"icon-list\">\n<li><i class=\"fas fa-caret-right color-accent\"><\/i>\u00c0 partir de la page Action n\u00e9cessaire, t\u00e9l\u00e9chargez la lettre de d\u00e9sinscription.<\/li>\n<li><i class=\"fas fa-caret-right color-accent\"><\/i>Choisissez d\u2019imprimer le formulaire ou de le faire envoyer par la poste \u00e0 votre domicile.<\/li>\n<li><i class=\"fas fa-caret-right color-accent\"><\/i>Remplissez et signez le formulaire et envoyez-le par la poste au Centre des prestations CAE \u00e0 l\u2019adresse indiqu\u00e9e sur le formulaire d\u2019ici le 31 d\u00e9cembre 2021.<\/li>\n<\/ul>\n<\/div>\n<\/div>\n<p>[\/vc_column_text]<div class=\"vntd-icon-list icon-list-simple icon-list-basic icon-list-color-gray\"><ul class=\"icon-list\"><li><i class=\"fas fa-caret-right color-gray\"><\/i><\/li><\/ul><\/div>[\/vc_column][\/vc_row]<\/p>\n","protected":false},"excerpt":{"rendered":"<p>[vc_row el_class=\u00a0\u00bbCAE-AE-checklist-text\u00a0\u00bb][vc_column width=\u00a0\u00bb3\/5&Prime;][vc_column_text] Renouvellement annuel du 19 novembre au 3 d\u00e9cembre 2024 Voici comment proc\u00e9der : Ouvrez une session sur CAE MesAvantages, cliquez sur R\u00e9gime d\u2019assurance collective pour acc\u00e9der \u00e0 l\u2019outil CAEselect, puis commencez votre renouvellement annuel. Avant tout, consultez le Guide des avantages sociaux CAEselect et le Sommaire du [&hellip;]<\/p>\n","protected":false},"author":1,"featured_media":0,"parent":0,"menu_order":0,"comment_status":"closed","ping_status":"closed","template":"","meta":{"om_disable_all_campaigns":false,"_monsterinsights_skip_tracking":false,"_monsterinsights_sitenote_active":false,"_monsterinsights_sitenote_note":"","_monsterinsights_sitenote_category":0,"footnotes":""},"class_list":["post-3630","page","type-page","status-publish","hentry"],"aioseo_notices":[],"jetpack_sharing_enabled":true,"_links":{"self":[{"href":"https:\/\/select-benefits-enrollment.com\/fr\/wp-json\/wp\/v2\/pages\/3630","targetHints":{"allow":["GET"]}}],"collection":[{"href":"https:\/\/select-benefits-enrollment.com\/fr\/wp-json\/wp\/v2\/pages"}],"about":[{"href":"https:\/\/select-benefits-enrollment.com\/fr\/wp-json\/wp\/v2\/types\/page"}],"author":[{"embeddable":true,"href":"https:\/\/select-benefits-enrollment.com\/fr\/wp-json\/wp\/v2\/users\/1"}],"replies":[{"embeddable":true,"href":"https:\/\/select-benefits-enrollment.com\/fr\/wp-json\/wp\/v2\/comments?post=3630"}],"version-history":[{"count":10,"href":"https:\/\/select-benefits-enrollment.com\/fr\/wp-json\/wp\/v2\/pages\/3630\/revisions"}],"predecessor-version":[{"id":5457,"href":"https:\/\/select-benefits-enrollment.com\/fr\/wp-json\/wp\/v2\/pages\/3630\/revisions\/5457"}],"wp:attachment":[{"href":"https:\/\/select-benefits-enrollment.com\/fr\/wp-json\/wp\/v2\/media?parent=3630"}],"curies":[{"name":"wp","href":"https:\/\/api.w.org\/{rel}","templated":true}]}}