{"id":3547,"date":"2021-10-28T19:28:51","date_gmt":"2021-10-28T19:28:51","guid":{"rendered":"https:\/\/select-benefits-enrollment.com\/maison-1\/"},"modified":"2025-04-28T15:28:40","modified_gmt":"2025-04-28T15:28:40","slug":"accueil","status":"publish","type":"page","link":"https:\/\/select-benefits-enrollment.com\/fr\/","title":{"rendered":"Accueil"},"content":{"rendered":"<p>[vc_row][vc_column]\n    <div id=\"veented-slider-25893\" class=\"veented-slider vntd-section veented-slider-holder veented-slider-navigation-white fullwidth-section\" data-slider-autoplay=\"7000\" data-slider-effect=\"slide\" data-slider-speed=\"700\" data-slider-loop=\"false\" data-slider-touch=\"true\" data-slider-direction=\"horizontal\">\n\n\t\t<div class=\"veented-slider-loader\">\n\t\t\t<div class=\"spinner\">\n\t\t\t  <div class=\"dot1\"><\/div>\n\t\t\t  <div class=\"dot2\"><\/div>\n\t\t\t<\/div>\n\t\t<\/div>\n\n\t\t<div class=\"veented-slider-container swiper-containers\">\n\n\t\t\t<div class=\"veented-slider-inner swiper-wrapper\">\n\n\t\t\t\t\n\t\t\t\t<div id=\"slide-id-3686\" class=\"swiper-slide veented-slide slide-nr-1 slide-id-3686 slide-type-image color-scheme-light slide-align-left slide-content-narrow\">\n\n\t\t\t\t\t<div class=\"veented-slide-bg-image\" style=\"background-image: url('https:\/\/select-benefits-enrollment.com\/wp-content\/uploads\/2023\/10\/CAE-Annual-Enrollment-2023-2024-1.jpg');background-position:center center;\"><img data-recalc-dims=\"1\" decoding=\"async\" src=\"https:\/\/i0.wp.com\/select-benefits-enrollment.com\/wp-content\/uploads\/2023\/10\/CAE-Annual-Enrollment-2023-2024-1.jpg?ssl=1\" alt=\"Votre R\u00e9gime d\u2019assurance collective CAEselect\"><\/div>\n\t\t\t\t\t<div class=\"slide-container container\">\n\t\t\t\t\t\t<div class=\"veented-slide-inner\">\n\t\t\t\t\t\t\t<h2 class=\"veented-slide-heading animated animatedSlider\">Votre R\u00e9gime d\u2019assurance collective CAEselect<\/h2><p class=\"veented-slide-subtitle animated animatedSlider\">Voici le moment de l\u2019ann\u00e9e o\u00f9 vous devez effectuer votre renouvellement annuel. Cette ann\u00e9e, la p\u00e9riode de renouvellement s&#039;\u00e9chelonnera du 19 novembre au 3 d\u00e9cembre 2024.<\/p><div class=\"veented-slide-buttons animated animatedSlider\"><a href=\"https:\/\/select-benefits-enrollment.com\/fr\/nouveautes\/\" target=\"_self\" class=\"btn btn-lg veented-slide-button veented-slide-button1 btn-solid  btn-default-radius btn-white btn-hover-white\"><span>EN SAVOIR PLUS<\/span><\/a><a href=\"https:\/\/benefits.seb-admin.com\/fpconnect\/#\/cae\" target=\"_blank\" class=\"btn btn-lg veented-slide-button veented-slide-button2 btn-bordered  btn-default-radius btn-white btn-hover-white\"><span>R\u00c9ADH\u00c9REZ MAINTENANT<\/span><\/a><\/div>\n\t\t\t\t\t\t<\/div>\n\n\t\t\t\t\t<\/div>\n\n\t\t\t\t\t<div class=\"bg-overlay bg-overlay-dark40\"><\/div>\n\t\t\t\t<\/div>\n\n\t\t\t\t\n\t\t\t<\/div>\n\n\t\t\t<style type=\"text\/css\">#slide-id-3686 .veented-slide-top-heading {}#slide-id-3686 .veented-slide-heading {font-size: 45px;}#slide-id-3686 .veented-slide-subtitle {}#veented-slider-25893,#veented-slider-25893 .veented-slider-container { height: 750px; }<\/style>\n\t\t<\/div>\n\n\t<\/div>\n\n\t[\/vc_column][\/vc_row][vc_row equal_height=\u00a0\u00bbyes\u00a0\u00bb content_placement=\u00a0\u00bbmiddle\u00a0\u00bb css=\u00a0\u00bb.vc_custom_1499957735553{padding-top: 70px !important;}\u00a0\u00bb][vc_column width=\u00a0\u00bb1\/2&Prime; col_padding=\u00a0\u00bb2&Prime; col_padding_side=\u00a0\u00bbright\u00a0\u00bb][vc_single_image image=\u00a0\u00bb5458&Prime; css_animation=\u00a0\u00bbnone\u00a0\u00bb css=\u00a0\u00bb.vc_custom_1745854115125{margin-bottom: 0px !important;}\u00a0\u00bb][\/vc_column][vc_column width=\u00a0\u00bb1\/2&Prime; col_padding=\u00a0\u00bb2&Prime; col_padding_side=\u00a0\u00bbleft\u00a0\u00bb][vc_column_text font_size=\u00a0\u00bbmedium\u00a0\u00bb]<\/p>\n<div class=\"CAE-home-sec2\">\n<h2>Acc\u00e8s simplifi\u00e9!<\/h2>\n<p>Acc\u00e9dez facilement \u00e0 votre fournisseur de t\u00e9l\u00e9m\u00e9decine, au programme d\u2019aide aux employ\u00e9s (PAE) et au r\u00e9gime de retraite, ou soumettez une demande de r\u00e8glement, et bien plus\u2026 tout cela au m\u00eame endroit.<\/p>\n<p>Ouvrez une session sur le <a href=\"https:\/\/cae.seb-admin.com\" target=\"_blank\" rel=\"noopener\"><strong>CAE MesAvantages<\/strong><\/a>\u00a0pour acc\u00e9der aux programmes CAE et cliquez sur <strong>R\u00e9gime d\u2019assurance collective <\/strong>pour proc\u00e9der \u00e0 votre renouvellement annuel.<\/p>\n<\/div>\n<p>[\/vc_column_text][\/vc_column][\/vc_row][vc_row equal_height=\u00a0\u00bbyes\u00a0\u00bb content_placement=\u00a0\u00bbmiddle\u00a0\u00bb css=\u00a0\u00bb.vc_custom_1635265676548{padding-top: 90px !important;padding-bottom: 90px !important;}\u00a0\u00bb][vc_column width=\u00a0\u00bb1\/2&Prime; col_padding=\u00a0\u00bb2&Prime; col_padding_side=\u00a0\u00bbright\u00a0\u00bb el_class=\u00a0\u00bbCAE-FP-DIRECT\u00a0\u00bb][vc_column_text font_size=\u00a0\u00bbmedium\u00a0\u00bb el_class=\u00a0\u00bbCAE-FP-Direct-Sec1&Prime;]<\/p>\n<div class=\"CAE-home-sec3\">\n<h3>Exp\u00e9rience d\u2019adh\u00e9sion en ligne au r\u00e9gime d\u2019assurance collective flexible<\/h3>\n<p>Acc\u00e9dez \u00e0 <a href=\"https:\/\/cae.seb-admin.com\" target=\"_blank\" rel=\"noopener\"><strong>CAE MesAvantages<\/strong><\/a>, puis cliquez sur R\u00e9gime d\u2019assurance collective pour choisir votre couverture d\u2019assurance pour l\u2019ann\u00e9e en cours.<\/p>\n<p>Une exp\u00e9rience d\u2019adh\u00e9sion moderne qui comprend des fonctions num\u00e9riques telles que\u00a0:<\/p>\n<div class=\"vntd-icon-list icon-list-simple icon-list-basic icon-list-color-accent\">\n<ul class=\"icon-list\">\n<li><i class=\"fas fa-check color-accent\"><\/i>B\u00e9n\u00e9ficiaires en ligne : choisissez vos b\u00e9n\u00e9ficiaires en ligne; aucun formulaire papier requis.<\/li>\n<li><i class=\"fas fa-check color-accent\"><\/i>Site Web r\u00e9actif : s\u2019adapte automatiquement \u00e0 tout appareil que vous utilisez.<\/li>\n<li><i class=\"fas fa-check color-accent\"><\/i>Mesures \u00e0 prendre : des alertes vous rappellent les mesures \u00e0 prendre, au besoin.<\/li>\n<li><i class=\"fas fa-check color-accent\"><\/i>Analyses d\u00e9taill\u00e9es : un r\u00e9sum\u00e9 montre l\u2019effet des changements de couverture et un analyseur de d\u00e9penses pr\u00e9sente sous forme graphique vos <strong>dollars CAEselect<\/strong> et retenues salariales.<\/li>\n<li><i class=\"fas fa-check color-accent\"><\/i>Relev\u00e9s de confirmation : accessibles de n\u2019importe quel appareil et t\u00e9l\u00e9chargeables.<\/li>\n<\/ul>\n<\/div>\n<\/div>\n<p>[\/vc_column_text]<div class=\"vntd-icon-list icon-list-simple icon-list-basic icon-list-color-gray\"><ul class=\"icon-list\"><li><i class=\"far fa-star color-gray\"><\/i><\/li><\/ul><\/div>[vc_column_text font_size=\u00a0\u00bbmedium\u00a0\u00bb]<\/p>\n<div class=\"CAE-home-sec3-2\">Si vous \u00eates un \u00ab\u2009nouvel employ\u00e9\u2009\u00bb et voulez adh\u00e9rer au r\u00e9gime d\u2019assurance collective, ou si vous avez v\u00e9cu un \u00ab\u2009\u00e9v\u00e9nement de vie\u2009\u00bb et voulez modifier votre couverture, ouvrez une session sur le site, puis cliquez sur <strong>R\u00e9gime d\u2019assurance collective<\/strong> pour choisir ou modifier votre couverture d\u2019assurance. Vous devrez quand m\u00eame compl\u00e9ter votre renouvellement afin de confirmer votre couverture d\u2019assurance pour 2025.<\/div>\n<p>[\/vc_column_text][\/vc_column][vc_column width=\u00a0\u00bb1\/2&Prime; col_padding=\u00a0\u00bb2&Prime; col_padding_side=\u00a0\u00bbleft\u00a0\u00bb el_class=\u00a0\u00bbCAE-DIRECT-img\u00a0\u00bb][vc_single_image image=\u00a0\u00bb4973&Prime; img_size=\u00a0\u00bb366&#215;498&Prime; alignment=\u00a0\u00bbcenter\u00a0\u00bb css_animation=\u00a0\u00bbnone\u00a0\u00bb css=\u00a0\u00bb.vc_custom_1686587876246{margin-bottom: 0px !important;}\u00a0\u00bb][\/vc_column][\/vc_row]<\/p>\n","protected":false},"excerpt":{"rendered":"<p>[vc_row][vc_column][\/vc_column][\/vc_row][vc_row equal_height=\u00a0\u00bbyes\u00a0\u00bb content_placement=\u00a0\u00bbmiddle\u00a0\u00bb css=\u00a0\u00bb.vc_custom_1499957735553{padding-top: 70px !important;}\u00a0\u00bb][vc_column width=\u00a0\u00bb1\/2&Prime; col_padding=\u00a0\u00bb2&Prime; col_padding_side=\u00a0\u00bbright\u00a0\u00bb][vc_single_image image=\u00a0\u00bb5458&Prime; css_animation=\u00a0\u00bbnone\u00a0\u00bb css=\u00a0\u00bb.vc_custom_1745854115125{margin-bottom: 0px !important;}\u00a0\u00bb][\/vc_column][vc_column width=\u00a0\u00bb1\/2&Prime; col_padding=\u00a0\u00bb2&Prime; col_padding_side=\u00a0\u00bbleft\u00a0\u00bb][vc_column_text font_size=\u00a0\u00bbmedium\u00a0\u00bb] Acc\u00e8s simplifi\u00e9! Acc\u00e9dez facilement \u00e0 votre fournisseur de t\u00e9l\u00e9m\u00e9decine, au programme d\u2019aide aux employ\u00e9s (PAE) et au r\u00e9gime de retraite, ou soumettez une demande de r\u00e8glement, et bien plus\u2026 tout cela au [&hellip;]<\/p>\n","protected":false},"author":1,"featured_media":0,"parent":0,"menu_order":0,"comment_status":"closed","ping_status":"closed","template":"","meta":{"om_disable_all_campaigns":false,"_monsterinsights_skip_tracking":false,"_monsterinsights_sitenote_active":false,"_monsterinsights_sitenote_note":"","_monsterinsights_sitenote_category":0,"footnotes":""},"class_list":["post-3547","page","type-page","status-publish","hentry"],"aioseo_notices":[],"jetpack_sharing_enabled":true,"_links":{"self":[{"href":"https:\/\/select-benefits-enrollment.com\/fr\/wp-json\/wp\/v2\/pages\/3547","targetHints":{"allow":["GET"]}}],"collection":[{"href":"https:\/\/select-benefits-enrollment.com\/fr\/wp-json\/wp\/v2\/pages"}],"about":[{"href":"https:\/\/select-benefits-enrollment.com\/fr\/wp-json\/wp\/v2\/types\/page"}],"author":[{"embeddable":true,"href":"https:\/\/select-benefits-enrollment.com\/fr\/wp-json\/wp\/v2\/users\/1"}],"replies":[{"embeddable":true,"href":"https:\/\/select-benefits-enrollment.com\/fr\/wp-json\/wp\/v2\/comments?post=3547"}],"version-history":[{"count":10,"href":"https:\/\/select-benefits-enrollment.com\/fr\/wp-json\/wp\/v2\/pages\/3547\/revisions"}],"predecessor-version":[{"id":5463,"href":"https:\/\/select-benefits-enrollment.com\/fr\/wp-json\/wp\/v2\/pages\/3547\/revisions\/5463"}],"wp:attachment":[{"href":"https:\/\/select-benefits-enrollment.com\/fr\/wp-json\/wp\/v2\/media?parent=3547"}],"curies":[{"name":"wp","href":"https:\/\/api.w.org\/{rel}","templated":true}]}}